{"id":26,"date":"2020-11-16T07:53:29","date_gmt":"2020-11-16T06:53:29","guid":{"rendered":"https:\/\/ocevents83.fr\/?page_id=26"},"modified":"2020-11-29T13:47:48","modified_gmt":"2020-11-29T12:47:48","slug":"evenementiel","status":"publish","type":"page","link":"https:\/\/ocevents83.fr\/?page_id=26","title":{"rendered":"\u00c9v\u00e8nementiel"},"content":{"rendered":"\n<h1 class=\"has-text-align-center has-header-gradient-color has-text-color\"><\/h1>\n\n\n\n<div class=\"wp-block-group\"><div class=\"wp-block-group__inner-container\">\n<h2 class=\"has-text-align-center has-text-color\" style=\"font-size:38px;color:#ff0000\"><span style=\"color:#ff0303\" class=\"has-inline-color\">UN SEUL MOT D&rsquo;ORDRE FAIRE DE VOTRE \u00c9V\u00c9NEMENT UN INCONTOURNABLE <\/span><\/h2>\n\n\n\n<figure class=\"wp-block-gallery columns-3 is-cropped\"><ul class=\"blocks-gallery-grid\"><li class=\"blocks-gallery-item\"><figure><a href=\"https:\/\/ocevents83.fr\/wp-content\/uploads\/2020\/11\/25659490_10214597174832806_7590424056755586678_n-1.jpg\"><img loading=\"lazy\" width=\"960\" height=\"540\" src=\"https:\/\/ocevents83.fr\/wp-content\/uploads\/2020\/11\/25659490_10214597174832806_7590424056755586678_n-1.jpg\" alt=\"\" data-id=\"338\" data-full-url=\"https:\/\/ocevents83.fr\/wp-content\/uploads\/2020\/11\/25659490_10214597174832806_7590424056755586678_n-1.jpg\" data-link=\"https:\/\/ocevents83.fr\/?attachment_id=338\" class=\"wp-image-338\" srcset=\"https:\/\/ocevents83.fr\/wp-content\/uploads\/2020\/11\/25659490_10214597174832806_7590424056755586678_n-1.jpg 960w, https:\/\/ocevents83.fr\/wp-content\/uploads\/2020\/11\/25659490_10214597174832806_7590424056755586678_n-1-300x169.jpg 300w, https:\/\/ocevents83.fr\/wp-content\/uploads\/2020\/11\/25659490_10214597174832806_7590424056755586678_n-1-768x432.jpg 768w\" sizes=\"(max-width: 960px) 100vw, 960px\" \/><\/a><\/figure><\/li><li class=\"blocks-gallery-item\"><figure><a href=\"https:\/\/ocevents83.fr\/wp-content\/uploads\/2020\/11\/51426559_10158107950871521_4898170052286611456_o-1.jpg\"><img loading=\"lazy\" width=\"1024\" height=\"683\" src=\"https:\/\/ocevents83.fr\/wp-content\/uploads\/2020\/11\/51426559_10158107950871521_4898170052286611456_o-1-1024x683.jpg\" alt=\"\" data-id=\"339\" data-full-url=\"https:\/\/ocevents83.fr\/wp-content\/uploads\/2020\/11\/51426559_10158107950871521_4898170052286611456_o-1.jpg\" data-link=\"https:\/\/ocevents83.fr\/?attachment_id=339\" class=\"wp-image-339\" srcset=\"https:\/\/ocevents83.fr\/wp-content\/uploads\/2020\/11\/51426559_10158107950871521_4898170052286611456_o-1-1024x683.jpg 1024w, https:\/\/ocevents83.fr\/wp-content\/uploads\/2020\/11\/51426559_10158107950871521_4898170052286611456_o-1-300x200.jpg 300w, https:\/\/ocevents83.fr\/wp-content\/uploads\/2020\/11\/51426559_10158107950871521_4898170052286611456_o-1-768x512.jpg 768w, https:\/\/ocevents83.fr\/wp-content\/uploads\/2020\/11\/51426559_10158107950871521_4898170052286611456_o-1-1536x1024.jpg 1536w, https:\/\/ocevents83.fr\/wp-content\/uploads\/2020\/11\/51426559_10158107950871521_4898170052286611456_o-1-360x240.jpg 360w, https:\/\/ocevents83.fr\/wp-content\/uploads\/2020\/11\/51426559_10158107950871521_4898170052286611456_o-1.jpg 2048w\" sizes=\"(max-width: 1024px) 100vw, 1024px\" \/><\/a><\/figure><\/li><li class=\"blocks-gallery-item\"><figure><a href=\"https:\/\/ocevents83.fr\/wp-content\/uploads\/2020\/11\/86187127_2320055398097904_2586419955507396608_o.jpg\"><img loading=\"lazy\" width=\"1024\" height=\"974\" src=\"https:\/\/ocevents83.fr\/wp-content\/uploads\/2020\/11\/86187127_2320055398097904_2586419955507396608_o-1024x974.jpg\" alt=\"\" data-id=\"456\" data-full-url=\"https:\/\/ocevents83.fr\/wp-content\/uploads\/2020\/11\/86187127_2320055398097904_2586419955507396608_o.jpg\" data-link=\"https:\/\/ocevents83.fr\/?attachment_id=456\" class=\"wp-image-456\" srcset=\"https:\/\/ocevents83.fr\/wp-content\/uploads\/2020\/11\/86187127_2320055398097904_2586419955507396608_o-1024x974.jpg 1024w, https:\/\/ocevents83.fr\/wp-content\/uploads\/2020\/11\/86187127_2320055398097904_2586419955507396608_o-300x285.jpg 300w, https:\/\/ocevents83.fr\/wp-content\/uploads\/2020\/11\/86187127_2320055398097904_2586419955507396608_o-768x730.jpg 768w, https:\/\/ocevents83.fr\/wp-content\/uploads\/2020\/11\/86187127_2320055398097904_2586419955507396608_o-1536x1460.jpg 1536w, https:\/\/ocevents83.fr\/wp-content\/uploads\/2020\/11\/86187127_2320055398097904_2586419955507396608_o.jpg 1789w\" sizes=\"(max-width: 1024px) 100vw, 1024px\" \/><\/a><\/figure><\/li><\/ul><\/figure>\n\n\n\n<div class=\"wp-block-columns\">\n<div class=\"wp-block-column\">\n<p class=\"has-text-align-center\"><strong><em>Par une \u00e9tude et une analyse de vos besoins, nous nous occupons de cr\u00e9er l\u2019\u00e9v\u00e8nement qui vous correspond et ainsi offrir \u00e0 vos invit\u00e9s une exp\u00e9rience unique <\/em><\/strong><\/p>\n<\/div>\n\n\n\n<div class=\"wp-block-column\">\n<p class=\"has-text-align-center\"><strong><em>De l\u2019\u00e9v\u00e8nement grand public \u00e0 une organisation interne, nous vous accompagnons sur  votre organisation pour planifier, structurer et valoriser votre \u00e9v\u00e8nement<\/em><\/strong><\/p>\n<\/div>\n\n\n\n<div class=\"wp-block-column\">\n<p class=\"has-text-align-center\"><strong><em>Nous travaillons avec des fournisseurs ou prestataires ayant une forte exp\u00e9rience dans leur domaine. Vous \u00eates assur\u00e9s d\u2019une prestation de qualit\u00e9 tout en respectant votre budget<\/em><\/strong><\/p>\n<\/div>\n<\/div>\n\n\n\n<div class=\"wp-block-buttons\">\n<div class=\"wp-block-button\"><a class=\"wp-block-button__link\"><\/a><\/div>\n<\/div>\n\n\n\n<p><\/p>\n<\/div><\/div>\n\n\n\n<p><\/p>\n","protected":false},"excerpt":{"rendered":"","protected":false},"author":1,"featured_media":0,"parent":0,"menu_order":0,"comment_status":"closed","ping_status":"closed","template":"","meta":[],"_links":{"self":[{"href":"https:\/\/ocevents83.fr\/index.php?rest_route=\/wp\/v2\/pages\/26"}],"collection":[{"href":"https:\/\/ocevents83.fr\/index.php?rest_route=\/wp\/v2\/pages"}],"about":[{"href":"https:\/\/ocevents83.fr\/index.php?rest_route=\/wp\/v2\/types\/page"}],"author":[{"embeddable":true,"href":"https:\/\/ocevents83.fr\/index.php?rest_route=\/wp\/v2\/users\/1"}],"replies":[{"embeddable":true,"href":"https:\/\/ocevents83.fr\/index.php?rest_route=%2Fwp%2Fv2%2Fcomments&post=26"}],"version-history":[{"count":23,"href":"https:\/\/ocevents83.fr\/index.php?rest_route=\/wp\/v2\/pages\/26\/revisions"}],"predecessor-version":[{"id":468,"href":"https:\/\/ocevents83.fr\/index.php?rest_route=\/wp\/v2\/pages\/26\/revisions\/468"}],"wp:attachment":[{"href":"https:\/\/ocevents83.fr\/index.php?rest_route=%2Fwp%2Fv2%2Fmedia&parent=26"}],"curies":[{"name":"wp","href":"https:\/\/api.w.org\/{rel}","templated":true}]}}