{"id":25,"date":"2020-11-16T07:53:29","date_gmt":"2020-11-16T06:53:29","guid":{"rendered":"https:\/\/ocevents83.fr\/?page_id=25"},"modified":"2020-11-29T13:47:34","modified_gmt":"2020-11-29T12:47:34","slug":"marketing","status":"publish","type":"page","link":"https:\/\/ocevents83.fr\/?page_id=25","title":{"rendered":"Marketing \/ Sponsoring"},"content":{"rendered":"\n<h2 class=\"has-text-align-center has-text-color\" style=\"color:#ff0004\">LE SPONSORING SPORTIF NE SE LIMITE PAS A AFFICHER UN LOGO SUR UN \u00c9QUIPEMENT<\/h2>\n\n\n\n<div style=\"height:42px\" aria-hidden=\"true\" class=\"wp-block-spacer\"><\/div>\n\n\n\n<div class=\"wp-block-media-text alignwide is-stacked-on-mobile is-vertically-aligned-center\"><figure class=\"wp-block-media-text__media\"><img loading=\"lazy\" width=\"598\" height=\"689\" src=\"https:\/\/ocevents83.fr\/wp-content\/uploads\/2020\/11\/collaboration-ocevents-2.png\" alt=\"\" class=\"wp-image-116\" srcset=\"https:\/\/ocevents83.fr\/wp-content\/uploads\/2020\/11\/collaboration-ocevents-2.png 598w, https:\/\/ocevents83.fr\/wp-content\/uploads\/2020\/11\/collaboration-ocevents-2-260x300.png 260w\" sizes=\"(max-width: 598px) 100vw, 598px\" \/><\/figure><div class=\"wp-block-media-text__content\">\n<div class=\"wp-block-group\"><div class=\"wp-block-group__inner-container\">\n<p class=\"has-text-align-center\" style=\"font-size:29px\"><strong><em><span class=\"has-inline-color has-header-gradient-color\">NOTRE OBJECTIF COMMUN, faire prosp\u00e9rer votre club et trouver de nouveaux moyens de financement<\/span><\/em><\/strong><\/p>\n<\/div><\/div>\n\n\n\n<p class=\"has-text-align-center\" style=\"font-size:29px\"><strong><em>LE PLUS, Des solutions adaptables en fonction de votre budget et un paiement en fonction des r\u00e9sultats<\/em><\/strong><\/p>\n<\/div><\/div>\n\n\n\n<div style=\"height:42px\" aria-hidden=\"true\" class=\"wp-block-spacer\"><\/div>\n\n\n\n<p><\/p>\n\n\n\n<div class=\"wp-block-columns has-cool-to-warm-spectrum-gradient-background has-background\">\n<div class=\"wp-block-column is-vertically-aligned-center\" style=\"flex-basis:100%\">\n<h1 class=\"has-text-align-center\"><strong><em><span class=\"has-inline-color has-white-color\">NOTRE SAVOIR FAIRE<\/span><\/em><\/strong><\/h1>\n\n\n\n<ul><li>Cr\u00e9ation d\u2019un dossier de sponsoring, conseil dans les contreparties propos\u00e9es aux partenaires, \u00e9laboration d\u2019une strat\u00e9gie de sponsoring sportif<\/li><li>Recherche active de partenaires, recherche de sportifs ou d\u2019\u00e9quipes sportives<\/li><li>N\u00e9gociation et r\u00e9daction de contrats<\/li><li>Activation et suivi du bon d\u00e9roulement du contrat, fid\u00e9liser et \u00e9tablir un partenariat \u00ab&nbsp;gagnant-gagnant&nbsp;\u00bb<\/li><li>Construire un r\u00e9seau d\u2019entreprises, mission de conseil aupr\u00e8s d\u2019annonceurs dans la strat\u00e9gie \u00e0 mettre en place<\/li><li>Convaincre<\/li><li>Argumenter<\/li><li>Cr\u00e9er des manifestations partenaires<\/li><\/ul>\n\n\n\n<p><\/p>\n<\/div>\n<\/div>\n\n\n\n<div style=\"height:42px\" aria-hidden=\"true\" class=\"wp-block-spacer\"><\/div>\n\n\n\n<div class=\"wp-block-columns has-cool-to-warm-spectrum-gradient-background has-background\">\n<div class=\"wp-block-column\">\n<h2 class=\"has-text-align-center\"><strong><em><span class=\"has-inline-color has-white-color\">CLUBS OU SPORTIFS<\/span><\/em><\/strong><\/h2>\n\n\n\n<ul><li>Analyser vos offres commerciales actuelles, identifier les points d\u2019am\u00e9lioration n\u00e9cessaires au d\u00e9veloppement de nouvelles offres.  <\/li><li>Conception de nouvelles offres marketings<\/li><li>Mener des actions coh\u00e9rentes pour \u00e9tablir un partenariat \u00ab&nbsp;gagnant-gagnant&nbsp;\u00bb avec des solutions commerciales et d\u2019hospitalit\u00e9s adapt\u00e9es<\/li><\/ul>\n<\/div>\n\n\n\n<div class=\"wp-block-column is-vertically-aligned-center\" style=\"flex-basis:50%\">\n<h2 class=\"has-text-align-center\"><strong><em><span class=\"has-inline-color has-white-color\">ENTREPRISES<\/span><\/em><\/strong><\/h2>\n\n\n\n<ul><li>Identification du partenariat le plus pertinent en respectant vos objectifs et votre budget<\/li><li>Cr\u00e9ation d\u2019offres commerciales personnalis\u00e9es aupr\u00e8s d\u2019ayants droits ( clubs, organisateurs d\u2019\u00e9v\u00e8nements, sportifs ) en ad\u00e9quation avec vos valeurs, objectifs et images<\/li><li>Booster votre communication et lui donner un sens gr\u00e2ce \u00e0 des athl\u00e8tes, \u00e9quipe ou des \u00e9v\u00e8nements sportifs<\/li><li>Augmenter votre notori\u00e9t\u00e9<\/li><li>B\u00e9n\u00e9ficier d\u2019avantages fiscaux<\/li><\/ul>\n<\/div>\n<\/div>\n\n\n\n<p><\/p>\n","protected":false},"excerpt":{"rendered":"<p>LE SPONSORING SPORTIF NE SE LIMITE PAS A AFFICHER UN LOGO SUR UN \u00c9QUIPEMENT NOTRE SAVOIR FAIRE Cr\u00e9ation d\u2019un dossier de sponsoring, conseil dans les contreparties propos\u00e9es aux partenaires, \u00e9laboration d\u2019une strat\u00e9gie de sponsoring sportif Recherche active de partenaires, recherche de sportifs ou d\u2019\u00e9quipes sportives N\u00e9gociation et r\u00e9daction de contrats [&hellip;]<\/p>\n","protected":false},"author":1,"featured_media":0,"parent":0,"menu_order":0,"comment_status":"closed","ping_status":"closed","template":"","meta":[],"_links":{"self":[{"href":"https:\/\/ocevents83.fr\/index.php?rest_route=\/wp\/v2\/pages\/25"}],"collection":[{"href":"https:\/\/ocevents83.fr\/index.php?rest_route=\/wp\/v2\/pages"}],"about":[{"href":"https:\/\/ocevents83.fr\/index.php?rest_route=\/wp\/v2\/types\/page"}],"author":[{"embeddable":true,"href":"https:\/\/ocevents83.fr\/index.php?rest_route=\/wp\/v2\/users\/1"}],"replies":[{"embeddable":true,"href":"https:\/\/ocevents83.fr\/index.php?rest_route=%2Fwp%2Fv2%2Fcomments&post=25"}],"version-history":[{"count":29,"href":"https:\/\/ocevents83.fr\/index.php?rest_route=\/wp\/v2\/pages\/25\/revisions"}],"predecessor-version":[{"id":453,"href":"https:\/\/ocevents83.fr\/index.php?rest_route=\/wp\/v2\/pages\/25\/revisions\/453"}],"wp:attachment":[{"href":"https:\/\/ocevents83.fr\/index.php?rest_route=%2Fwp%2Fv2%2Fmedia&parent=25"}],"curies":[{"name":"wp","href":"https:\/\/api.w.org\/{rel}","templated":true}]}}