{"id":23,"date":"2020-11-16T07:53:29","date_gmt":"2020-11-16T06:53:29","guid":{"rendered":"https:\/\/ocevents83.fr\/?page_id=23"},"modified":"2023-03-01T20:48:38","modified_gmt":"2023-03-01T19:48:38","slug":"events","status":"publish","type":"page","link":"https:\/\/ocevents83.fr\/?page_id=23","title":{"rendered":"Events"},"content":{"rendered":"\n<div id=\"wp-block-themeisle-blocks-slider-40b68185\" class=\"wp-block-themeisle-blocks-slider glide\" data-per-view=\"1\" data-gap=\"0\" data-peek=\"0\" data-autoplay=\"false\" data-height=\"445px\" data-hide-arrows=\"false\"><div class=\"glide__track\" data-glide-el=\"track\"><div class=\"glide__slides\"><div class=\"wp-block-themeisle-blocks-slider-item-wrapper glide__slide\" tabindex=\"0\"><figure><img class=\"wp-block-themeisle-blocks-slider-item\" src=\"https:\/\/ocevents83.fr\/wp-content\/uploads\/2020\/11\/25551857_10156858441281521_6924094918534076007_n-1.jpg\" alt=\"\" title=\"\" data-id=\"337\"\/><\/figure><\/div><div class=\"wp-block-themeisle-blocks-slider-item-wrapper glide__slide\" tabindex=\"0\"><figure><img class=\"wp-block-themeisle-blocks-slider-item\" src=\"https:\/\/ocevents83.fr\/wp-content\/uploads\/2020\/11\/25498457_10156858441241521_5844607923396305661_n-3.jpg\" alt=\"\" title=\"\" data-id=\"461\"\/><\/figure><\/div><div class=\"wp-block-themeisle-blocks-slider-item-wrapper glide__slide\" tabindex=\"0\"><figure><img class=\"wp-block-themeisle-blocks-slider-item\" src=\"https:\/\/ocevents83.fr\/wp-content\/uploads\/2020\/11\/25442762_10156858441351521_515220685742823201_n.jpg\" alt=\"\" title=\"\" data-id=\"150\"\/><\/figure><\/div><div class=\"wp-block-themeisle-blocks-slider-item-wrapper glide__slide\" tabindex=\"0\"><figure><img class=\"wp-block-themeisle-blocks-slider-item\" src=\"https:\/\/ocevents83.fr\/wp-content\/uploads\/2020\/11\/25550384_10156858441276521_8480565653036466190_n.jpg\" alt=\"\" title=\"\" data-id=\"154\"\/><\/figure><\/div><\/div><div class=\"glide__bullets\" data-glide-el=\"controls[nav]\"><button class=\"glide__bullet\" data-glide-dir=\"=0\"><\/button><button class=\"glide__bullet\" data-glide-dir=\"=1\"><\/button><button class=\"glide__bullet\" data-glide-dir=\"=2\"><\/button><button class=\"glide__bullet\" data-glide-dir=\"=3\"><\/button><\/div><\/div><\/div>\n\n\n\n<h6 class=\"has-text-align-center\">Hospitalit\u00e9s VIP d&rsquo;une \u00e9quipe de basket professionnelle<\/h6>\n\n\n\n<div style=\"height:40px\" aria-hidden=\"true\" class=\"wp-block-spacer\"><\/div>\n\n\n\n<div id=\"wp-block-themeisle-blocks-slider-fa83fdc4\" class=\"wp-block-themeisle-blocks-slider glide\" data-per-view=\"1\" data-gap=\"0\" data-peek=\"0\" data-autoplay=\"false\" data-height=\"735px\" data-hide-arrows=\"false\"><div class=\"glide__track\" data-glide-el=\"track\"><div class=\"glide__slides\"><div class=\"wp-block-themeisle-blocks-slider-item-wrapper glide__slide\" tabindex=\"0\"><figure><img class=\"wp-block-themeisle-blocks-slider-item\" src=\"https:\/\/ocevents83.fr\/wp-content\/uploads\/2020\/11\/51611059_10158107946816521_2208175173729779712_o-1-1024x934.jpg\" alt=\"\" title=\"\" data-id=\"340\"\/><\/figure><\/div><div class=\"wp-block-themeisle-blocks-slider-item-wrapper glide__slide\" tabindex=\"0\"><figure><img class=\"wp-block-themeisle-blocks-slider-item\" src=\"https:\/\/ocevents83.fr\/wp-content\/uploads\/2020\/11\/52179285_10158107950831521_3438023158970449920_o-1024x683.jpg\" alt=\"\" title=\"\" data-id=\"182\"\/><\/figure><\/div><div class=\"wp-block-themeisle-blocks-slider-item-wrapper glide__slide\" tabindex=\"0\"><figure><img class=\"wp-block-themeisle-blocks-slider-item\" src=\"https:\/\/ocevents83.fr\/wp-content\/uploads\/2020\/11\/52378401_10158107948871521_3172195379479314432_o-1024x934.jpg\" alt=\"\" title=\"\" data-id=\"183\"\/><\/figure><\/div><div class=\"wp-block-themeisle-blocks-slider-item-wrapper glide__slide\" tabindex=\"0\"><figure><img class=\"wp-block-themeisle-blocks-slider-item\" src=\"https:\/\/ocevents83.fr\/wp-content\/uploads\/2020\/11\/52016991_10158107950416521_5396722524497117184_o-1024x934.jpg\" alt=\"\" title=\"\" data-id=\"181\"\/><\/figure><\/div><div class=\"wp-block-themeisle-blocks-slider-item-wrapper glide__slide\" tabindex=\"0\"><figure><img class=\"wp-block-themeisle-blocks-slider-item\" src=\"https:\/\/ocevents83.fr\/wp-content\/uploads\/2020\/11\/51739632_10158107947796521_8404778315646238720_o-1024x934.jpg\" alt=\"\" title=\"\" data-id=\"180\"\/><\/figure><\/div><div class=\"wp-block-themeisle-blocks-slider-item-wrapper glide__slide\" tabindex=\"0\"><figure><img class=\"wp-block-themeisle-blocks-slider-item\" src=\"https:\/\/ocevents83.fr\/wp-content\/uploads\/2020\/11\/51674578_10158107949916521_5884366978071658496_o-1024x934.jpg\" alt=\"\" title=\"\" data-id=\"179\"\/><\/figure><\/div><div class=\"wp-block-themeisle-blocks-slider-item-wrapper glide__slide\" tabindex=\"0\"><figure><img class=\"wp-block-themeisle-blocks-slider-item\" src=\"https:\/\/ocevents83.fr\/wp-content\/uploads\/2020\/11\/51650023_1471148736349857_7845008459090100224_n.jpg\" alt=\"\" title=\"\" data-id=\"177\"\/><\/figure><\/div><div class=\"wp-block-themeisle-blocks-slider-item-wrapper glide__slide\" tabindex=\"0\"><figure><img class=\"wp-block-themeisle-blocks-slider-item\" src=\"https:\/\/ocevents83.fr\/wp-content\/uploads\/2020\/11\/51661705_1471148779683186_7273364044457705472_n.jpg\" alt=\"\" title=\"\" data-id=\"178\"\/><\/figure><\/div><\/div><div class=\"glide__bullets\" data-glide-el=\"controls[nav]\"><button class=\"glide__bullet\" data-glide-dir=\"=0\"><\/button><button class=\"glide__bullet\" data-glide-dir=\"=1\"><\/button><button class=\"glide__bullet\" data-glide-dir=\"=2\"><\/button><button class=\"glide__bullet\" data-glide-dir=\"=3\"><\/button><button class=\"glide__bullet\" data-glide-dir=\"=4\"><\/button><button class=\"glide__bullet\" data-glide-dir=\"=5\"><\/button><button class=\"glide__bullet\" data-glide-dir=\"=6\"><\/button><button class=\"glide__bullet\" data-glide-dir=\"=7\"><\/button><\/div><\/div><\/div>\n\n\n\n<h6 class=\"has-text-align-center\">Soir\u00e9e VIP partenaires d&rsquo;une \u00e9quipe de basket professionnelle<\/h6>\n\n\n\n<div id=\"wp-block-themeisle-blocks-slider-48932d1c\" class=\"wp-block-themeisle-blocks-slider glide\" data-per-view=\"1\" data-gap=\"0\" data-peek=\"0\" data-autoplay=\"true\" data-height=\"400px\" data-hide-arrows=\"false\"><div class=\"glide__track\" data-glide-el=\"track\"><div class=\"glide__slides\"><div class=\"wp-block-themeisle-blocks-slider-item-wrapper glide__slide\" tabindex=\"0\"><figure><img class=\"wp-block-themeisle-blocks-slider-item\" src=\"https:\/\/ocevents83.fr\/wp-content\/uploads\/2022\/01\/8AS-H83FC-5974-1024x683.jpg\" alt=\"\" title=\"\" data-id=\"515\"\/><\/figure><\/div><div class=\"wp-block-themeisle-blocks-slider-item-wrapper glide__slide\" tabindex=\"0\"><figure><img class=\"wp-block-themeisle-blocks-slider-item\" src=\"https:\/\/ocevents83.fr\/wp-content\/uploads\/2022\/01\/8AS-H83FC-5582-1024x683.jpg\" alt=\"\" title=\"\" data-id=\"516\"\/><\/figure><\/div><div class=\"wp-block-themeisle-blocks-slider-item-wrapper glide__slide\" tabindex=\"0\"><figure><img class=\"wp-block-themeisle-blocks-slider-item\" src=\"https:\/\/ocevents83.fr\/wp-content\/uploads\/2022\/01\/8AS-H83FC-5570-1024x683.jpg\" alt=\"\" title=\"\" data-id=\"518\"\/><\/figure><\/div><div class=\"wp-block-themeisle-blocks-slider-item-wrapper glide__slide\" tabindex=\"0\"><figure><img class=\"wp-block-themeisle-blocks-slider-item\" src=\"https:\/\/ocevents83.fr\/wp-content\/uploads\/2022\/01\/8AS-H83FC-5959-1024x683.jpg\" alt=\"\" title=\"\" data-id=\"519\"\/><\/figure><\/div><div class=\"wp-block-themeisle-blocks-slider-item-wrapper glide__slide\" tabindex=\"0\"><figure><img class=\"wp-block-themeisle-blocks-slider-item\" src=\"https:\/\/ocevents83.fr\/wp-content\/uploads\/2022\/01\/8AS-H83FC-5580-1024x683.jpg\" alt=\"\" title=\"\" data-id=\"520\"\/><\/figure><\/div><\/div><div class=\"glide__bullets\" data-glide-el=\"controls[nav]\"><button class=\"glide__bullet\" data-glide-dir=\"=0\"><\/button><button class=\"glide__bullet\" data-glide-dir=\"=1\"><\/button><button class=\"glide__bullet\" data-glide-dir=\"=2\"><\/button><button class=\"glide__bullet\" data-glide-dir=\"=3\"><\/button><button class=\"glide__bullet\" data-glide-dir=\"=4\"><\/button><\/div><\/div><\/div>\n\n\n\n<h6 class=\"has-text-align-center\">Hospitalit\u00e9s Hy\u00e8res FC 83<\/h6>\n\n\n\n<figure class=\"wp-block-video\"><video controls src=\"https:\/\/ocevents83.fr\/wp-content\/uploads\/2023\/03\/Hyeres-83-FC-les-hospitalites.mp4\"><\/video><\/figure>\n\n\n\n<p><\/p>\n\n\n\n<p><\/p>\n","protected":false},"excerpt":{"rendered":"<p>Hospitalit\u00e9s VIP d&rsquo;une \u00e9quipe de basket professionnelle Soir\u00e9e VIP partenaires d&rsquo;une \u00e9quipe de basket professionnelle Hospitalit\u00e9s Hy\u00e8res FC 83<\/p>\n","protected":false},"author":1,"featured_media":0,"parent":0,"menu_order":0,"comment_status":"closed","ping_status":"closed","template":"","meta":[],"_links":{"self":[{"href":"https:\/\/ocevents83.fr\/index.php?rest_route=\/wp\/v2\/pages\/23"}],"collection":[{"href":"https:\/\/ocevents83.fr\/index.php?rest_route=\/wp\/v2\/pages"}],"about":[{"href":"https:\/\/ocevents83.fr\/index.php?rest_route=\/wp\/v2\/types\/page"}],"author":[{"embeddable":true,"href":"https:\/\/ocevents83.fr\/index.php?rest_route=\/wp\/v2\/users\/1"}],"replies":[{"embeddable":true,"href":"https:\/\/ocevents83.fr\/index.php?rest_route=%2Fwp%2Fv2%2Fcomments&post=23"}],"version-history":[{"count":30,"href":"https:\/\/ocevents83.fr\/index.php?rest_route=\/wp\/v2\/pages\/23\/revisions"}],"predecessor-version":[{"id":551,"href":"https:\/\/ocevents83.fr\/index.php?rest_route=\/wp\/v2\/pages\/23\/revisions\/551"}],"wp:attachment":[{"href":"https:\/\/ocevents83.fr\/index.php?rest_route=%2Fwp%2Fv2%2Fmedia&parent=23"}],"curies":[{"name":"wp","href":"https:\/\/api.w.org\/{rel}","templated":true}]}}