{"id":20,"date":"2020-11-16T07:53:29","date_gmt":"2020-11-16T06:53:29","guid":{"rendered":"https:\/\/ocevents83.fr\/?page_id=20"},"modified":"2020-11-29T18:59:08","modified_gmt":"2020-11-29T17:59:08","slug":"qui-suis-je","status":"publish","type":"page","link":"https:\/\/ocevents83.fr\/?page_id=20","title":{"rendered":"Qui suis je"},"content":{"rendered":"\n<div class=\"wp-block-media-text alignwide is-stacked-on-mobile is-vertically-aligned-center\"><figure class=\"wp-block-media-text__media\"><img loading=\"lazy\" width=\"683\" height=\"1024\" src=\"https:\/\/ocevents83.fr\/wp-content\/uploads\/2020\/11\/0381-2-683x1024.jpg\" alt=\"\" class=\"wp-image-54\" srcset=\"https:\/\/ocevents83.fr\/wp-content\/uploads\/2020\/11\/0381-2-683x1024.jpg 683w, https:\/\/ocevents83.fr\/wp-content\/uploads\/2020\/11\/0381-2-200x300.jpg 200w, https:\/\/ocevents83.fr\/wp-content\/uploads\/2020\/11\/0381-2-768x1152.jpg 768w, https:\/\/ocevents83.fr\/wp-content\/uploads\/2020\/11\/0381-2-1024x1536.jpg 1024w, https:\/\/ocevents83.fr\/wp-content\/uploads\/2020\/11\/0381-2-scaled.jpg 1707w\" sizes=\"(max-width: 683px) 100vw, 683px\" \/><\/figure><div class=\"wp-block-media-text__content\">\n<p class=\"has-text-align-center\">Olivier Cruchet, 47 ans, cycliste au niveau \u00e9lite pendant plusieurs&nbsp;ann\u00e9es, j\u2019ai souhait\u00e9 allier ma passion sportive avec mon savoir&nbsp;faire professionnel. <\/p>\n\n\n\n<p class=\"has-text-align-center\">Responsable commercial d\u2019une \u00e9quipe professionnelle de basket PRO A durant 6 ans, j&rsquo;ai pu c\u00f4toyer, manager, \u00e9changer avec de nombreux sportifs et professionnels du sport.<\/p>\n\n\n\n<p class=\"has-text-align-center\">Riche de cette exp\u00e9rience et apr\u00e8s une r\u00e9flexion sur le monde de l\u2019entreprise et du sport, j\u2019ai souhait\u00e9 cr\u00e9er ma propre agence de marketing.<\/p>\n\n\n\n<h3 class=\"has-text-align-center\"><strong><em>Mon savoir-\u00eatre<\/em><\/strong><\/h3>\n\n\n\n<p class=\"has-text-align-center\">Etre \u00e0 l&rsquo;\u00e9coute de vos besoins, de vos attentes, r\u00e9pondre de mani\u00e8re transparente \u00e0 vos interrogations, \u00eatre en ad\u00e9quation avec vos souhaits<\/p>\n\n\n\n<p class=\"has-text-align-center\">Investi, dynamique, ambitieux et passionn\u00e9<\/p>\n<\/div><\/div>\n\n\n\n<p><\/p>\n\n\n\n<p><\/p>\n\n\n\n<ul class=\"wp-block-social-links aligncenter is-style-default\">\n\n<li class=\"wp-social-link wp-social-link-facebook\"><a href=\"https:\/\/www.facebook.com\/Olivier-Cruchet-Ev%C3%A8nements-et-marketing-102960531303668\" aria-label=\"Facebook\"> <svg width=\"24\" height=\"24\" viewBox=\"0 0 24 24\" version=\"1.1\" xmlns=\"http:\/\/www.w3.org\/2000\/svg\" role=\"img\" aria-hidden=\"true\" focusable=\"false\"><path d=\"M12 2C6.5 2 2 6.5 2 12c0 5 3.7 9.1 8.4 9.9v-7H7.9V12h2.5V9.8c0-2.5 1.5-3.9 3.8-3.9 1.1 0 2.2.2 2.2.2v2.5h-1.3c-1.2 0-1.6.8-1.6 1.6V12h2.8l-.4 2.9h-2.3v7C18.3 21.1 22 17 22 12c0-5.5-4.5-10-10-10z\"><\/path><\/svg><\/a><\/li>\n\n\n\n\n\n<li class=\"wp-social-link wp-social-link-linkedin\"><a href=\"https:\/\/www.linkedin.com\/in\/olivier-cruchet-75168b1a6\/\" aria-label=\"LinkedIn\"> <svg width=\"24\" height=\"24\" viewBox=\"0 0 24 24\" version=\"1.1\" xmlns=\"http:\/\/www.w3.org\/2000\/svg\" role=\"img\" aria-hidden=\"true\" focusable=\"false\"><path d=\"M19.7,3H4.3C3.582,3,3,3.582,3,4.3v15.4C3,20.418,3.582,21,4.3,21h15.4c0.718,0,1.3-0.582,1.3-1.3V4.3 C21,3.582,20.418,3,19.7,3z M8.339,18.338H5.667v-8.59h2.672V18.338z M7.004,8.574c-0.857,0-1.549-0.694-1.549-1.548 c0-0.855,0.691-1.548,1.549-1.548c0.854,0,1.547,0.694,1.547,1.548C8.551,7.881,7.858,8.574,7.004,8.574z M18.339,18.338h-2.669 v-4.177c0-0.996-0.017-2.278-1.387-2.278c-1.389,0-1.601,1.086-1.601,2.206v4.249h-2.667v-8.59h2.559v1.174h0.037 c0.356-0.675,1.227-1.387,2.526-1.387c2.703,0,3.203,1.779,3.203,4.092V18.338z\"><\/path><\/svg><\/a><\/li>\n\n<\/ul>\n","protected":false},"excerpt":{"rendered":"<p>Olivier Cruchet, 47 ans, cycliste au niveau \u00e9lite pendant plusieurs&nbsp;ann\u00e9es, j\u2019ai souhait\u00e9 allier ma passion sportive avec mon savoir&nbsp;faire professionnel. Responsable commercial d\u2019une \u00e9quipe professionnelle de basket PRO A durant 6 ans, j&rsquo;ai pu c\u00f4toyer, manager, \u00e9changer avec de nombreux sportifs et professionnels du sport. Riche de cette exp\u00e9rience et [&hellip;]<\/p>\n","protected":false},"author":1,"featured_media":0,"parent":0,"menu_order":0,"comment_status":"closed","ping_status":"closed","template":"","meta":[],"_links":{"self":[{"href":"https:\/\/ocevents83.fr\/index.php?rest_route=\/wp\/v2\/pages\/20"}],"collection":[{"href":"https:\/\/ocevents83.fr\/index.php?rest_route=\/wp\/v2\/pages"}],"about":[{"href":"https:\/\/ocevents83.fr\/index.php?rest_route=\/wp\/v2\/types\/page"}],"author":[{"embeddable":true,"href":"https:\/\/ocevents83.fr\/index.php?rest_route=\/wp\/v2\/users\/1"}],"replies":[{"embeddable":true,"href":"https:\/\/ocevents83.fr\/index.php?rest_route=%2Fwp%2Fv2%2Fcomments&post=20"}],"version-history":[{"count":13,"href":"https:\/\/ocevents83.fr\/index.php?rest_route=\/wp\/v2\/pages\/20\/revisions"}],"predecessor-version":[{"id":493,"href":"https:\/\/ocevents83.fr\/index.php?rest_route=\/wp\/v2\/pages\/20\/revisions\/493"}],"wp:attachment":[{"href":"https:\/\/ocevents83.fr\/index.php?rest_route=%2Fwp%2Fv2%2Fmedia&parent=20"}],"curies":[{"name":"wp","href":"https:\/\/api.w.org\/{rel}","templated":true}]}}